{"id":687,"date":"2021-02-08T17:42:47","date_gmt":"2021-02-08T17:42:47","guid":{"rendered":"https:\/\/www.centrepsique.cat\/politica-de-cookies\/"},"modified":"2021-02-09T14:17:46","modified_gmt":"2021-02-09T14:17:46","slug":"politica-de-cookies","status":"publish","type":"page","link":"https:\/\/www.centrepsique.cat\/es\/politica-de-cookies\/","title":{"rendered":"Pol\u00edtica de Cookies"},"content":{"rendered":"\t\t<div data-elementor-type=\"wp-page\" data-elementor-id=\"687\" class=\"elementor elementor-687 elementor-605\" data-elementor-settings=\"[]\">\n\t\t\t\t\t\t<div class=\"elementor-inner\">\n\t\t\t\t\t\t\t<div class=\"elementor-section-wrap\">\n\t\t\t\t\t\t\t<section class=\"elementor-section elementor-top-section elementor-element elementor-element-ca4d62b elementor-section-boxed elementor-section-height-default elementor-section-height-default\" data-id=\"ca4d62b\" data-element_type=\"section\" data-settings=\"{&quot;background_background&quot;:&quot;classic&quot;}\">\n\t\t\t\t\t\t<div class=\"elementor-container elementor-column-gap-default\">\n\t\t\t\t\t\t\t<div class=\"elementor-row\">\n\t\t\t\t\t<div class=\"elementor-column elementor-col-100 elementor-top-column elementor-element elementor-element-8766c78\" data-id=\"8766c78\" data-element_type=\"column\">\n\t\t\t<div class=\"elementor-column-wrap elementor-element-populated\">\n\t\t\t\t\t\t\t<div class=\"elementor-widget-wrap\">\n\t\t\t\t\t\t<div class=\"elementor-element elementor-element-95480fb elementor-widget elementor-widget-heading\" data-id=\"95480fb\" data-element_type=\"widget\" data-widget_type=\"heading.default\">\n\t\t\t\t<div class=\"elementor-widget-container\">\n\t\t\t<h1 class=\"elementor-heading-title elementor-size-default\">Pol\u00edtica de cookies<\/h1>\t\t<\/div>\n\t\t\t\t<\/div>\n\t\t\t\t<div class=\"elementor-element elementor-element-643374e elementor-widget elementor-widget-text-editor\" data-id=\"643374e\" data-element_type=\"widget\" data-widget_type=\"text-editor.default\">\n\t\t\t\t<div class=\"elementor-widget-container\">\n\t\t\t\t\t<div class=\"elementor-text-editor elementor-clearfix\"><h3>\u00bfQu\u00e9 son las cookies?<\/h3>\n<p>Las cookies son peque\u00f1os archivos de datos que se reciben en el terminal desde el sitio Web visitado y se usan para registrar ciertas interacciones de la navegaci\u00f3n en un sitio Web almacenando datos que podr\u00e1n ser actualizados y recuperados. Estos archivos se almacenan en el ordenador del usuario y contiene datos an\u00f3nimos que no son perjudiciales para su equipo. Se utilizan para recordar las preferencias del usuario, como el idioma seleccionado, datos de acceso o personalizaci\u00f3n de la p\u00e1gina.<\/p>\n<p>Las Cookies tambi\u00e9n pueden ser utilizadas para registrar informaci\u00f3n an\u00f3nima acerca de c\u00f3mo un visitante utiliza un sitio. Por ejemplo, desde qu\u00e9 p\u00e1gina Web ha accedido, o si ha utilizado un \u00abbanner\u00bb publicitario para llegar.<\/p>\n<h3>\u00bfQu\u00e9 uso le damos a los diferentes tipos de cookies?<\/h3>\n<p><strong>Seg\u00fan su finalidad:<\/strong><\/p>\n<table>\n<tbody>\n<tr>\n<td><strong>Cookies t\u00e9cnicas<\/strong><\/td>\n<td>Las cookies t\u00e9cnicas son aquellas facilitan la navegaci\u00f3n del usuario y la utilizaci\u00f3n de las diferentes opciones o servicios que ofrece la web como identificar la sesi\u00f3n, permitir el acceso a determinadas \u00e1reas, facilitar pedidos, compras, cumplimentaci\u00f3n de formularios, inscripciones, seguridad, facilitar funcionalidades (videos, redes sociales\u2026).<\/td>\n<\/tr>\n<tr>\n<td><strong>Cookies de personalizaci\u00f3n<\/strong><\/td>\n<td>Las cookies de personalizaci\u00f3n permiten al usuario acceder a los servicios seg\u00fan sus preferencias (idioma, navegador, configuraci\u00f3n\u2026).<\/td>\n<\/tr>\n<tr>\n<td><strong>Cookies anal\u00edticas<\/strong><\/td>\n<td>Las cookies de an\u00e1lisis son las utilizadas para llevar a cabo el an\u00e1lisis an\u00f3nimo del comportamiento de los usuarios de la web y que permiten medir la actividad del usuario y elaborar perfiles de navegaci\u00f3n con el fin objetivo de mejorar los sitios web.<\/td>\n<\/tr>\n<tr>\n<td><strong>Cookies publicitarias<\/strong><\/td>\n<td>Las cookies publicitarias permiten la gesti\u00f3n de los espacios publicitarios de la web. Adem\u00e1s, estas cookies pueden ser de publicidad personalizada y permitir as\u00ed la gesti\u00f3n de los espacios publicitarios de la web en base al comportamiento y h\u00e1bitos de navegaci\u00f3n de usuario, de donde se obtiene su perfil y permiten personalizar la publicidad que se muestra en el navegador del usuario u otros perfiles y redes sociales del usuario.<\/td>\n<\/tr>\n<\/tbody>\n<\/table>\n<p><strong>Seg\u00fan su plazo:<\/strong><\/p>\n<table>\n<tbody>\n<tr>\n<td><strong>Cookies de sesi\u00f3n<\/strong><\/td>\n<td>Las cookies de sesi\u00f3n son aquellas que duran el tiempo que el usuario est\u00e1 navegando por la p\u00e1gina Web y se borran al cerrar el navegador.<\/td>\n<\/tr>\n<tr>\n<td><strong>Cookies persistentes<\/strong><\/td>\n<td>Estas cookies quedan almacenadas en el terminal del usuario hasta que son eliminadas manualmente o haya concluido el periodo de duraci\u00f3n establecido para dicha cookie.<\/td>\n<\/tr>\n<\/tbody>\n<\/table>\n<p><strong>Seg\u00fan su titularidad:<\/strong><\/p>\n<table>\n<tbody>\n<tr>\n<td><strong>Cookies propias<\/strong><\/td>\n<td>Aqu\u00e9llas que se env\u00edan al equipo terminal del usuario desde un equipo o dominio gestionado por el propio editor y desde el que se presta el servicio solicitado por el usuario.<\/td>\n<\/tr>\n<tr>\n<td><strong>Cookies de terceros<\/strong><\/td>\n<td>Aqu\u00e9llas que se env\u00edan al equipo terminal del usuario desde un equipo o dominio que no es gestionado por el editor, sino por otra entidad que trata los datos obtenidos trav\u00e9s de las cookies.<\/td>\n<\/tr>\n<\/tbody>\n<\/table>\n<p>&nbsp;<\/p>\n<p><strong>La siguiente tabla recoge la clasificaci\u00f3n y descripci\u00f3n de las cookies utilizadas en la presente p\u00e1gina web para que puedas identificarlas en tu navegador:<\/strong><\/p>\n<table width=\"100%\">\n<tbody>\n<tr>\n<td width=\"27%\"><strong>Nombre<\/strong><\/td>\n<td width=\"21%\"><strong>Titular<\/strong><\/td>\n<td width=\"16%\"><strong>Datos recabados<\/strong><\/td>\n<td width=\"12%\"><strong>Finalidad<\/strong><\/td>\n<td width=\"22%\"><strong>Duraci\u00f3n<\/strong><\/td>\n<\/tr>\n<tr>\n<td width=\"27%\"><strong>sc_is_visitor_unique<\/strong><\/td>\n<td width=\"21%\">Cookie propia<\/td>\n<td width=\"16%\">Sesiones de los visitantes.<\/td>\n<td width=\"12%\">Anal\u00edtica.<\/td>\n<td width=\"22%\">2 a\u00f1os.<\/td>\n<\/tr>\n<tr>\n<td width=\"27%\"><strong>is_unique<\/strong><\/td>\n<td width=\"21%\">Cookie de terceros<\/p>\n<p>(statcounter.com)<\/td>\n<td width=\"16%\">Sesiones de los visitantes.<\/td>\n<td width=\"12%\">Anal\u00edtica.<\/td>\n<td width=\"22%\">5 a\u00f1os.<\/td>\n<\/tr>\n<\/tbody>\n<\/table>\n<p><strong>\u00a0<\/strong><strong>M\u00aa JES\u00daS SORIANO SORIANO <\/strong>utiliza cookies t\u00e9cnicas, de personalizaci\u00f3n y an\u00e1lisis propias y de terceros, que tratan datos de conexi\u00f3n y\/o del dispositivo, as\u00ed como h\u00e1bitos de navegaci\u00f3n para fines estad\u00edsticos.<\/p>\n<p>Por ello, al acceder a nuestra web, en cumplimiento del art\u00edculo 22 de la Ley de Servicios de la Sociedad de la Informaci\u00f3n le hemos solicitado su consentimiento para su uso.<\/p>\n<p>El suministro de datos personales a trav\u00e9s de nuestro portal y el consentimiento para el uso de cookies <u>requiere una edad m\u00ednima de 14 a\u00f1os<\/u> y la aceptaci\u00f3n expresa de nuestra Pol\u00edtica de Privacidad.<\/p>\n<p><strong>De todas formas, le informamos que puede activar o desactivar las cookies siguiendo las instrucciones de su navegador de Internet:<\/strong><\/p>\n<table width=\"570\">\n<tbody>\n<tr>\n<td width=\"106\"><strong>Chrome<\/strong><\/td>\n<td width=\"206\">Configuraci\u00f3n -&gt; Mostrar opciones avanzadas -&gt; Privacidad -&gt; Configuraci\u00f3n de contenido.<\/td>\n<td width=\"184\"><a href=\"https:\/\/support.google.com\">support.google.com<\/a><\/p>\n<p>&nbsp;<\/td>\n<td width=\"74\"><\/td>\n<\/tr>\n<tr>\n<td width=\"106\"><strong>Firefox<\/strong><\/td>\n<td width=\"206\">Herramientas -&gt; Opciones -&gt; Privacidad -&gt; Historial -&gt; Configuraci\u00f3n Personalizada.<\/td>\n<td width=\"184\"><a href=\"https:\/\/support.mozilla.org\">support.mozilla.org<\/a><\/td>\n<td width=\"74\"><\/td>\n<\/tr>\n<tr>\n<td width=\"106\"><strong>Internet Explorer<\/strong><strong>\u00a0<\/strong><\/td>\n<td width=\"206\">Herramientas -&gt; Opciones de Internet -&gt; Privacidad -&gt; Configuraci\u00f3n.<\/td>\n<td width=\"184\"><a href=\"https:\/\/windows.microsoft.com\">windows.microsoft.com<\/a><\/td>\n<td width=\"74\"><\/td>\n<\/tr>\n<tr>\n<td width=\"106\"><strong>Opera<\/strong><\/td>\n<td width=\"206\">Herramientas -&gt; Preferencias -&gt; Editar preferencias -&gt; Cookies.<\/td>\n<td width=\"184\"><a href=\"http:\/\/www.opera.com\/help\/tutorials\/security\/cookies\/\">http:\/\/www.opera.com\/help\/tutorials\/security\/cookies\/<\/a><\/td>\n<td width=\"74\">&nbsp;<\/p>\n<p>&nbsp;<\/td>\n<\/tr>\n<tr>\n<td width=\"106\"><strong>\u00a0<\/strong><strong>Safari<\/strong><\/td>\n<td width=\"206\">Preferencias -&gt; Seguridad.<\/td>\n<td width=\"184\"><a href=\"http:\/\/www.apple.com\">http:\/\/www.apple.com<\/a><\/td>\n<td width=\"74\"><\/td>\n<\/tr>\n<tr>\n<td width=\"106\"><strong>Edge<\/strong><\/td>\n<td width=\"206\">Configuraci\u00f3n -&gt; Ver configuraci\u00f3n avanzada -&gt; Privacidad y servicios -&gt; Cookies.<\/td>\n<td width=\"184\"><a href=\"https:\/\/privacy.microsoft.com\/es-es\/windows-10-microsoft-edge-and-privacy\">https:\/\/privacy.microsoft.com\/es-es\/windows-10-microsoft-edge-and-privacy<\/a><\/td>\n<td width=\"74\"><\/td>\n<\/tr>\n<\/tbody>\n<\/table>\n<\/div>\n\t\t\t\t<\/div>\n\t\t\t\t<\/div>\n\t\t\t\t\t\t<\/div>\n\t\t\t\t\t<\/div>\n\t\t<\/div>\n\t\t\t\t\t\t\t\t<\/div>\n\t\t\t\t\t<\/div>\n\t\t<\/section>\n\t\t\t\t\t\t<\/div>\n\t\t\t\t\t\t<\/div>\n\t\t\t\t\t<\/div>\n\t\t","protected":false},"excerpt":{"rendered":"<p>Pol\u00edtica de cookies \u00bfQu\u00e9 son las cookies? Las cookies son peque\u00f1os archivos de datos que se reciben en el terminal desde el sitio Web visitado y se usan para registrar ciertas interacciones de la navegaci\u00f3n en un sitio Web almacenando datos que podr\u00e1n ser actualizados y recuperados. Estos archivos se almacenan en el ordenador del [&hellip;]<\/p>\n","protected":false},"author":1,"featured_media":0,"parent":0,"menu_order":0,"comment_status":"closed","ping_status":"closed","template":"elementor_header_footer","meta":{"footnotes":""},"class_list":["post-687","page","type-page","status-publish","hentry"],"yoast_head":"<!-- This site is optimized with the Yoast SEO plugin v19.13 - https:\/\/yoast.com\/wordpress\/plugins\/seo\/ -->\n<title>Pol\u00edtica de Cookies - Psique<\/title>\n<meta name=\"robots\" content=\"index, follow, max-snippet:-1, max-image-preview:large, max-video-preview:-1\" \/>\n<link rel=\"canonical\" href=\"https:\/\/www.centrepsique.cat\/es\/politica-de-cookies\/\" \/>\n<meta property=\"og:locale\" content=\"es_ES\" \/>\n<meta property=\"og:type\" content=\"article\" \/>\n<meta property=\"og:title\" content=\"Pol\u00edtica de Cookies - Psique\" \/>\n<meta property=\"og:description\" content=\"Pol\u00edtica de cookies \u00bfQu\u00e9 son las cookies? Las cookies son peque\u00f1os archivos de datos que se reciben en el terminal desde el sitio Web visitado y se usan para registrar ciertas interacciones de la navegaci\u00f3n en un sitio Web almacenando datos que podr\u00e1n ser actualizados y recuperados. Estos archivos se almacenan en el ordenador del [&hellip;]\" \/>\n<meta property=\"og:url\" content=\"https:\/\/www.centrepsique.cat\/es\/politica-de-cookies\/\" \/>\n<meta property=\"og:site_name\" content=\"Psique\" \/>\n<meta property=\"article:modified_time\" content=\"2021-02-09T14:17:46+00:00\" \/>\n<meta name=\"twitter:card\" content=\"summary_large_image\" \/>\n<meta name=\"twitter:label1\" content=\"Tiempo de lectura\" \/>\n\t<meta name=\"twitter:data1\" content=\"4 minutos\" \/>\n<script type=\"application\/ld+json\" class=\"yoast-schema-graph\">{\"@context\":\"https:\/\/schema.org\",\"@graph\":[{\"@type\":\"WebPage\",\"@id\":\"https:\/\/www.centrepsique.cat\/es\/politica-de-cookies\/\",\"url\":\"https:\/\/www.centrepsique.cat\/es\/politica-de-cookies\/\",\"name\":\"Pol\u00edtica de Cookies - Psique\",\"isPartOf\":{\"@id\":\"https:\/\/www.centrepsique.cat\/es\/#website\"},\"datePublished\":\"2021-02-08T17:42:47+00:00\",\"dateModified\":\"2021-02-09T14:17:46+00:00\",\"breadcrumb\":{\"@id\":\"https:\/\/www.centrepsique.cat\/es\/politica-de-cookies\/#breadcrumb\"},\"inLanguage\":\"es\",\"potentialAction\":[{\"@type\":\"ReadAction\",\"target\":[\"https:\/\/www.centrepsique.cat\/es\/politica-de-cookies\/\"]}]},{\"@type\":\"BreadcrumbList\",\"@id\":\"https:\/\/www.centrepsique.cat\/es\/politica-de-cookies\/#breadcrumb\",\"itemListElement\":[{\"@type\":\"ListItem\",\"position\":1,\"name\":\"Portada\",\"item\":\"https:\/\/www.centrepsique.cat\/es\/\"},{\"@type\":\"ListItem\",\"position\":2,\"name\":\"Pol\u00edtica de Cookies\"}]},{\"@type\":\"WebSite\",\"@id\":\"https:\/\/www.centrepsique.cat\/es\/#website\",\"url\":\"https:\/\/www.centrepsique.cat\/es\/\",\"name\":\"Psique - Centre de psicologia\",\"description\":\"Centre de psicologia\",\"publisher\":{\"@id\":\"https:\/\/www.centrepsique.cat\/es\/#organization\"},\"potentialAction\":[{\"@type\":\"SearchAction\",\"target\":{\"@type\":\"EntryPoint\",\"urlTemplate\":\"https:\/\/www.centrepsique.cat\/es\/?s={search_term_string}\"},\"query-input\":\"required name=search_term_string\"}],\"inLanguage\":\"es\"},{\"@type\":\"Organization\",\"@id\":\"https:\/\/www.centrepsique.cat\/es\/#organization\",\"name\":\"Psique\",\"url\":\"https:\/\/www.centrepsique.cat\/es\/\",\"logo\":{\"@type\":\"ImageObject\",\"inLanguage\":\"es\",\"@id\":\"https:\/\/www.centrepsique.cat\/es\/#\/schema\/logo\/image\/\",\"url\":\"https:\/\/www.centrepsique.cat\/wp-content\/uploads\/2021\/01\/logo-centre-psique.svg\",\"contentUrl\":\"https:\/\/www.centrepsique.cat\/wp-content\/uploads\/2021\/01\/logo-centre-psique.svg\",\"caption\":\"Psique\"},\"image\":{\"@id\":\"https:\/\/www.centrepsique.cat\/es\/#\/schema\/logo\/image\/\"}}]}<\/script>\n<!-- \/ Yoast SEO plugin. -->","yoast_head_json":{"title":"Pol\u00edtica de Cookies - Psique","robots":{"index":"index","follow":"follow","max-snippet":"max-snippet:-1","max-image-preview":"max-image-preview:large","max-video-preview":"max-video-preview:-1"},"canonical":"https:\/\/www.centrepsique.cat\/es\/politica-de-cookies\/","og_locale":"es_ES","og_type":"article","og_title":"Pol\u00edtica de Cookies - Psique","og_description":"Pol\u00edtica de cookies \u00bfQu\u00e9 son las cookies? Las cookies son peque\u00f1os archivos de datos que se reciben en el terminal desde el sitio Web visitado y se usan para registrar ciertas interacciones de la navegaci\u00f3n en un sitio Web almacenando datos que podr\u00e1n ser actualizados y recuperados. Estos archivos se almacenan en el ordenador del [&hellip;]","og_url":"https:\/\/www.centrepsique.cat\/es\/politica-de-cookies\/","og_site_name":"Psique","article_modified_time":"2021-02-09T14:17:46+00:00","twitter_card":"summary_large_image","twitter_misc":{"Tiempo de lectura":"4 minutos"},"schema":{"@context":"https:\/\/schema.org","@graph":[{"@type":"WebPage","@id":"https:\/\/www.centrepsique.cat\/es\/politica-de-cookies\/","url":"https:\/\/www.centrepsique.cat\/es\/politica-de-cookies\/","name":"Pol\u00edtica de Cookies - Psique","isPartOf":{"@id":"https:\/\/www.centrepsique.cat\/es\/#website"},"datePublished":"2021-02-08T17:42:47+00:00","dateModified":"2021-02-09T14:17:46+00:00","breadcrumb":{"@id":"https:\/\/www.centrepsique.cat\/es\/politica-de-cookies\/#breadcrumb"},"inLanguage":"es","potentialAction":[{"@type":"ReadAction","target":["https:\/\/www.centrepsique.cat\/es\/politica-de-cookies\/"]}]},{"@type":"BreadcrumbList","@id":"https:\/\/www.centrepsique.cat\/es\/politica-de-cookies\/#breadcrumb","itemListElement":[{"@type":"ListItem","position":1,"name":"Portada","item":"https:\/\/www.centrepsique.cat\/es\/"},{"@type":"ListItem","position":2,"name":"Pol\u00edtica de Cookies"}]},{"@type":"WebSite","@id":"https:\/\/www.centrepsique.cat\/es\/#website","url":"https:\/\/www.centrepsique.cat\/es\/","name":"Psique - Centre de psicologia","description":"Centre de psicologia","publisher":{"@id":"https:\/\/www.centrepsique.cat\/es\/#organization"},"potentialAction":[{"@type":"SearchAction","target":{"@type":"EntryPoint","urlTemplate":"https:\/\/www.centrepsique.cat\/es\/?s={search_term_string}"},"query-input":"required name=search_term_string"}],"inLanguage":"es"},{"@type":"Organization","@id":"https:\/\/www.centrepsique.cat\/es\/#organization","name":"Psique","url":"https:\/\/www.centrepsique.cat\/es\/","logo":{"@type":"ImageObject","inLanguage":"es","@id":"https:\/\/www.centrepsique.cat\/es\/#\/schema\/logo\/image\/","url":"https:\/\/www.centrepsique.cat\/wp-content\/uploads\/2021\/01\/logo-centre-psique.svg","contentUrl":"https:\/\/www.centrepsique.cat\/wp-content\/uploads\/2021\/01\/logo-centre-psique.svg","caption":"Psique"},"image":{"@id":"https:\/\/www.centrepsique.cat\/es\/#\/schema\/logo\/image\/"}}]}},"_links":{"self":[{"href":"https:\/\/www.centrepsique.cat\/es\/wp-json\/wp\/v2\/pages\/687","targetHints":{"allow":["GET"]}}],"collection":[{"href":"https:\/\/www.centrepsique.cat\/es\/wp-json\/wp\/v2\/pages"}],"about":[{"href":"https:\/\/www.centrepsique.cat\/es\/wp-json\/wp\/v2\/types\/page"}],"author":[{"embeddable":true,"href":"https:\/\/www.centrepsique.cat\/es\/wp-json\/wp\/v2\/users\/1"}],"replies":[{"embeddable":true,"href":"https:\/\/www.centrepsique.cat\/es\/wp-json\/wp\/v2\/comments?post=687"}],"version-history":[{"count":5,"href":"https:\/\/www.centrepsique.cat\/es\/wp-json\/wp\/v2\/pages\/687\/revisions"}],"predecessor-version":[{"id":695,"href":"https:\/\/www.centrepsique.cat\/es\/wp-json\/wp\/v2\/pages\/687\/revisions\/695"}],"wp:attachment":[{"href":"https:\/\/www.centrepsique.cat\/es\/wp-json\/wp\/v2\/media?parent=687"}],"curies":[{"name":"wp","href":"https:\/\/api.w.org\/{rel}","templated":true}]}}